{"id":8,"date":"2025-09-23T11:01:49","date_gmt":"2025-09-23T11:01:49","guid":{"rendered":"https:\/\/die-familiengeschichte.de\/?page_id=8"},"modified":"2025-09-23T11:01:49","modified_gmt":"2025-09-23T11:01:49","slug":"die-torneysche-familiengeschichte","status":"publish","type":"page","link":"https:\/\/die-familiengeschichte.de\/","title":{"rendered":"Die Torneysche Familiengeschichte"},"content":{"rendered":"\n<p><\/p>\n\n\n\n<p><\/p>\n\n\n\n<p><\/p>\n\n\n\n<p>Die Torneysche Familiengeschichte von Victor von Strau\u00df und Torney, 1863 &#8211; 1928.<\/p>\n\n\n<div class=\"wp-block-image is-style-rounded\">\n<figure class=\"aligncenter size-full is-resized\"><img loading=\"lazy\" decoding=\"async\" width=\"787\" height=\"950\" src=\"https:\/\/die-familiengeschichte.de\/wp-content\/uploads\/2025\/09\/image.png\" alt=\"\" class=\"wp-image-10\" style=\"width:254px;height:auto\" srcset=\"https:\/\/die-familiengeschichte.de\/wp-content\/uploads\/2025\/09\/image.png 787w, https:\/\/die-familiengeschichte.de\/wp-content\/uploads\/2025\/09\/image-249x300.png 249w, https:\/\/die-familiengeschichte.de\/wp-content\/uploads\/2025\/09\/image-768x927.png 768w\" sizes=\"auto, (max-width: 787px) 100vw, 787px\" \/><\/figure>\n<\/div>\n\n\n<p><strong class=\"\">Einleitung zur Familiengeschichte<\/strong><\/p>\n\n\n\n<p>Diese Chronik widmet sich einem Zweig der Familie, dessen Wurzeln durch sorgf\u00e4ltige Dokumentation bis in das Jahr 1220 zur\u00fcckverfolgt werden konnten.<\/p>\n\n\n\n<p>Die Grundlage f\u00fcr diese umfassende Familienchronik bildet ein einzigartiges Archiv, das \u00fcber Generationen vom Vater an den Sohn weitergegeben wurde. Diese Sammlung historischer Unterlagen enth\u00e4lt eine F\u00fclle an Informationen \u00fcber die verschiedensten Zweige der Familie. Nach dem Tod ihrer Mutter, einer geborenen von Strau\u00df und Torney, \u00fcbernahm ihre Tochter, Hildegard Fischer (geb. Geyer), die Aufgabe, dieses wertvolle Erbe zu sichten und aufzuarbeiten.<\/p>\n\n\n\n<p>Seit rund 13 Jahren widmet sich Hildegard Fischer diesem Projekt mit dem Ziel, die gesammelten Aufzeichnungen in Buchform zusammenzufassen. Diese sollen allen heute lebenden Mitgliedern der Familie zug\u00e4nglich gemacht werden, um die gemeinsame Geschichte zu bewahren.<\/p>\n\n\n\n<p>Ein zentraler Ausgangspunkt der Chronik ist Albertine von Strau\u00df und Torney (geb. von Torney). Sie entstammte einem alten Rittergeschlecht und war eine der letzten Tr\u00e4gerinnen ihres Namens. Ihrem Mann, Victor Strau\u00df, wurde gestattet, ihren aussterbenden Namen dem seinen beizuf\u00fcgen, woraus der Doppelname \u201evon Strau\u00df und Torney\u201c entstand. Victor von Strau\u00df und Torney ist zudem der Verfasser von drei Tageb\u00fcchern, die eine wesentliche Quelle f\u00fcr diese Familienaufzeichnungen darstellen.<\/p>\n\n\n\n<p>Weitere bedeutende Linien der Familie umfassen die Familien Bulling und die Nachfahren des \u201eZiegelk\u00f6nigs\u201c August Lauw. Eine detaillierte Darstellung der komplexen Familienverbindungen findet sich am Anfang der vollst\u00e4ndigen Chronik.<\/p>\n\n\n\n<p>Obwohl der Name \u201evon Strau\u00df und Torney\u201c im direkten Zweig der Autorin erloschen ist, wird er in einer anderen Linie der Familie in Bremen bis heute in m\u00e4nnlicher Erbfolge weitergef\u00fchrt.<\/p>\n\n\n\n<p class=\"has-small-font-size\"><\/p>\n\n\n\n<p><\/p>\n","protected":false},"excerpt":{"rendered":"<p>Die Torneysche Familiengeschichte von Victor von Strau\u00df und Torney, 1863 &#8211; 1928. Einleitung zur Familiengeschichte Diese Chronik widmet sich einem Zweig der Familie, dessen Wurzeln durch sorgf\u00e4ltige Dokumentation bis in das Jahr 1220 zur\u00fcckverfolgt werden konnten. Die Grundlage f\u00fcr diese umfassende Familienchronik bildet ein einzigartiges Archiv, das \u00fcber Generationen vom Vater an den Sohn weitergegeben &hellip; <a href=\"https:\/\/die-familiengeschichte.de\/\" class=\"more-link\"><span class=\"screen-reader-text\">Die Torneysche Familiengeschichte<\/span> weiterlesen<\/a><\/p>\n","protected":false},"author":1,"featured_media":0,"parent":0,"menu_order":0,"comment_status":"closed","ping_status":"closed","template":"","meta":{"footnotes":""},"class_list":["post-8","page","type-page","status-publish","hentry"],"_links":{"self":[{"href":"https:\/\/die-familiengeschichte.de\/index.php?rest_route=\/wp\/v2\/pages\/8","targetHints":{"allow":["GET"]}}],"collection":[{"href":"https:\/\/die-familiengeschichte.de\/index.php?rest_route=\/wp\/v2\/pages"}],"about":[{"href":"https:\/\/die-familiengeschichte.de\/index.php?rest_route=\/wp\/v2\/types\/page"}],"author":[{"embeddable":true,"href":"https:\/\/die-familiengeschichte.de\/index.php?rest_route=\/wp\/v2\/users\/1"}],"replies":[{"embeddable":true,"href":"https:\/\/die-familiengeschichte.de\/index.php?rest_route=%2Fwp%2Fv2%2Fcomments&post=8"}],"version-history":[{"count":1,"href":"https:\/\/die-familiengeschichte.de\/index.php?rest_route=\/wp\/v2\/pages\/8\/revisions"}],"predecessor-version":[{"id":11,"href":"https:\/\/die-familiengeschichte.de\/index.php?rest_route=\/wp\/v2\/pages\/8\/revisions\/11"}],"wp:attachment":[{"href":"https:\/\/die-familiengeschichte.de\/index.php?rest_route=%2Fwp%2Fv2%2Fmedia&parent=8"}],"curies":[{"name":"wp","href":"https:\/\/api.w.org\/{rel}","templated":true}]}}