{"id":41,"date":"2025-09-23T11:46:39","date_gmt":"2025-09-23T11:46:39","guid":{"rendered":"https:\/\/die-familiengeschichte.de\/?page_id=41"},"modified":"2025-09-23T12:48:24","modified_gmt":"2025-09-23T12:48:24","slug":"einleitung-seite-1","status":"publish","type":"page","link":"https:\/\/die-familiengeschichte.de\/?page_id=41","title":{"rendered":"Einleitung &#8211; Seite 1"},"content":{"rendered":"\n<div class=\"wp-block-group\"><div class=\"wp-block-group__inner-container is-layout-constrained wp-block-group-is-layout-constrained\">\n<div class=\"wp-block-group is-nowrap is-layout-flex wp-container-core-group-is-layout-ad2f72ca wp-block-group-is-layout-flex\">\n<p>Die Familie von Strau\u00df und Torney verdankt ihren Namen der Annahme des Namens Torney zu dem Strau\u00dfschen. Es geschah dies, damit Ersterer erhalten blieb, nachdem alle m\u00e4nnlichen Glieder dieser Familie ausgestorben waren. Und wenn es nun, nach Esaurs Tegner, sch\u00f6ner ist, den Spuren seines Geschlechts nachzugehen, da der Stammbaum f\u00fcr den Einzelnen das, was die Geschichte des Vaterlandes f\u00fcr ein ganzes Volk ist, so interessiert hier die Nachforschung nach dem Ursprung beider Familien.<\/p>\n<\/div>\n\n\n\n<p>Eine handschriftlich oder gedruckte Familiengeschichte der Torneys gibt es nicht. M\u00f6glich, da\u00df bei dem Brand des Torneyschen Gutes Hedern Aufzeichnungen \u00fcber sie vernichtet sind. Das reichhaltige Material hat Graf Oynhausen<sup data-fn=\"b1adef4e-f4af-4520-9ac3-2c991a205cfc\" class=\"fn\"><a href=\"#b1adef4e-f4af-4520-9ac3-2c991a205cfc\" id=\"b1adef4e-f4af-4520-9ac3-2c991a205cfc-link\">1<\/a><\/sup> gesammelt. Es befindet sich mit seinem gesamten handschriftlichen Nachlasse im Archiv<\/p>\n<\/div><\/div>\n\n\n<ol style=\"color:#a6a6a6;\" class=\"wp-elements-9357f7dc021b97b3489f69a3d58fe7e7 wp-block-footnotes has-text-color has-small-font-size\"><li id=\"b1adef4e-f4af-4520-9ac3-2c991a205cfc\">fr\u00fcher im Preu\u00df. Heroldsamte. &#8230;seine Witwe lebte zuletzt in Hamburg &#8211; siehe Brief v. 29\/ II. 1895 <a href=\"#b1adef4e-f4af-4520-9ac3-2c991a205cfc-link\" aria-label=\"Zur Fu\u00dfnotenreferenz 1 navigieren\">\u21a9\ufe0e<\/a><\/li><\/ol>","protected":false},"excerpt":{"rendered":"<p>Die Familie von Strau\u00df und Torney verdankt ihren Namen der Annahme des Namens Torney zu dem Strau\u00dfschen. Es geschah dies, damit Ersterer erhalten blieb, nachdem alle m\u00e4nnlichen Glieder dieser Familie ausgestorben waren. Und wenn es nun, nach Esaurs Tegner, sch\u00f6ner ist, den Spuren seines Geschlechts nachzugehen, da der Stammbaum f\u00fcr den Einzelnen das, was die &hellip; <a href=\"https:\/\/die-familiengeschichte.de\/?page_id=41\" class=\"more-link\"><span class=\"screen-reader-text\">Einleitung &#8211; Seite 1<\/span> weiterlesen<\/a><\/p>\n","protected":false},"author":1,"featured_media":0,"parent":0,"menu_order":0,"comment_status":"closed","ping_status":"closed","template":"","meta":{"footnotes":"[{\"content\":\"fr\u00fcher im Preu\u00df. Heroldsamte. ...seine Witwe lebte zuletzt in Hamburg - siehe Brief v. 29\/ II. 1895\",\"id\":\"b1adef4e-f4af-4520-9ac3-2c991a205cfc\"}]"},"class_list":["post-41","page","type-page","status-publish","hentry"],"_links":{"self":[{"href":"https:\/\/die-familiengeschichte.de\/index.php?rest_route=\/wp\/v2\/pages\/41","targetHints":{"allow":["GET"]}}],"collection":[{"href":"https:\/\/die-familiengeschichte.de\/index.php?rest_route=\/wp\/v2\/pages"}],"about":[{"href":"https:\/\/die-familiengeschichte.de\/index.php?rest_route=\/wp\/v2\/types\/page"}],"author":[{"embeddable":true,"href":"https:\/\/die-familiengeschichte.de\/index.php?rest_route=\/wp\/v2\/users\/1"}],"replies":[{"embeddable":true,"href":"https:\/\/die-familiengeschichte.de\/index.php?rest_route=%2Fwp%2Fv2%2Fcomments&post=41"}],"version-history":[{"count":6,"href":"https:\/\/die-familiengeschichte.de\/index.php?rest_route=\/wp\/v2\/pages\/41\/revisions"}],"predecessor-version":[{"id":52,"href":"https:\/\/die-familiengeschichte.de\/index.php?rest_route=\/wp\/v2\/pages\/41\/revisions\/52"}],"wp:attachment":[{"href":"https:\/\/die-familiengeschichte.de\/index.php?rest_route=%2Fwp%2Fv2%2Fmedia&parent=41"}],"curies":[{"name":"wp","href":"https:\/\/api.w.org\/{rel}","templated":true}]}}